{"id":8,"date":"2025-12-19T21:38:19","date_gmt":"2025-12-19T21:38:19","guid":{"rendered":"https:\/\/breizh-tantra.fr\/?page_id=8"},"modified":"2026-02-28T07:38:56","modified_gmt":"2026-02-28T07:38:56","slug":"breizh-tantra","status":"publish","type":"page","link":"https:\/\/breizh-tantra.fr\/","title":{"rendered":"Breizh Tantra"},"content":{"rendered":"\n<div class=\"wp-block-media-text is-stacked-on-mobile\"><figure class=\"wp-block-media-text__media\"><img loading=\"lazy\" decoding=\"async\" width=\"500\" height=\"500\" src=\"http:\/\/breizh-tantra.fr\/wp-content\/uploads\/2025\/12\/LogoBreizhTantra-1.jpg\" alt=\"\" class=\"wp-image-42 size-full\" srcset=\"https:\/\/breizh-tantra.fr\/wp-content\/uploads\/2025\/12\/LogoBreizhTantra-1.jpg 500w, https:\/\/breizh-tantra.fr\/wp-content\/uploads\/2025\/12\/LogoBreizhTantra-1-300x300.jpg 300w, https:\/\/breizh-tantra.fr\/wp-content\/uploads\/2025\/12\/LogoBreizhTantra-1-150x150.jpg 150w\" sizes=\"auto, (max-width: 500px) 85vw, 500px\" \/><\/figure><div class=\"wp-block-media-text__content\">\n<p class=\"has-large-font-size\">Le r\u00e9seau de Tantra<br>en bretagne<\/p>\n<\/div><\/div>\n\n\n<h2>Le r\u00e9seau Breizh Tantra :<\/h2>\n<p>Nous sommes un groupe de chercheurs spirituels de tout \u00e2ge qui se sont rencontr\u00e9s ces derni\u00e8res ann\u00e9es aux \u00abVacances d\u2019inspiration tantrique*\u00bb \u00e0 Milhas. Les uns animateurs, les autres participants, ayant en commun d\u2019habiter en Bretagne.<br \/>\nAvant de nous s\u00e9parer en 2023 apr\u00e8s la saison 8 de Milhas, nous avons cr\u00e9\u00e9 le groupe Breizh Tantra : Un noyau de 10 personnes qui sont soit d\u00e9j\u00e0 enseignantes en Tantra, soit engag\u00e9es dans une d\u00e9marche de partage dans cette voie \u00e0 travers des ateliers et des rencontres.<br \/>\nNous avons d\u00e9cid\u00e9 de mettre en commun nos comp\u00e9tences et de proposer dans l\u2019esprit de Milhas un programme pour ensemencer dans nos terres bretonnes l\u2019esprit du Tantra qui nous d\u00e9finit et nous anime, \u00e0 savoir :<br \/>\nLe d\u00e9sir de transmettre et de partager la joie, l\u2019authenticit\u00e9, l\u2019Amour de soi et des autres et bien s\u00fbr l\u2019aide que le Tantra a apport\u00e9 dans nos vies, dans nos<br \/>\n\u00e9preuve<\/p>\n<h2>Les objectifs et la philosophie de Breizh Tantra :<\/h2>\n<p>Dans ce monde o\u00f9 les interactions et les partages manquent cruellement de profondeur, il nous appara\u00eet essentiel de cultiver les valeurs port\u00e9es par l\u2019enseignement du Tantra qui nous ont \u00e9t\u00e9 transmises depuis ces derni\u00e8res d\u00e9cennies.<br \/>\nLe Tantra est pour nous une voie spirituelle qui nous invite \u00e0 honorer notre corps, vivre nos \u00e9motions et laisser circuler notre \u00e9nergie de vie. Cette exploration permet de d\u00e9couvrir sa propre nature et de manifester son \u00eatre v\u00e9ritable. C\u2019est une voie qui nous fait cheminer vers l\u2019Eveil.<\/p>\n<p>Nous proposons dans la dynamique de notre groupe Breizh Tantra, de partager<br \/>\net transmettre ce qui nous a tant aid\u00e9. Le Tantra est une voie inclusive, tous les<br \/>\naspects de la vie y ont leur place et l\u2019\u00e9clairage de cette philosophie spirituelle<br \/>\nnous enseigne des cl\u00e9s pr\u00e9cieuses pour tous les obstacles que nous<br \/>\nrencontrons.<br \/>\n\u00c0 travers nos programmes, nous nous baserons sur les exp\u00e9riences et les talents<br \/>\nparticuliers de chacun, avec respect et modestie face \u00e0 la profondeur de cet<br \/>\nenseignement.<br \/>\nTels les colibris chers \u00e0 Pierre Rabhi nous ferons notre part\u2026<\/p>\n\n\n<div class=\"wp-block-media-text is-stacked-on-mobile\"><figure class=\"wp-block-media-text__media\"><img loading=\"lazy\" decoding=\"async\" width=\"768\" height=\"1024\" src=\"https:\/\/breizh-tantra.fr\/wp-content\/uploads\/2025\/12\/IMG_4946-768x1024.jpeg\" alt=\"\" class=\"wp-image-74 size-full\" srcset=\"https:\/\/breizh-tantra.fr\/wp-content\/uploads\/2025\/12\/IMG_4946-768x1024.jpeg 768w, https:\/\/breizh-tantra.fr\/wp-content\/uploads\/2025\/12\/IMG_4946-225x300.jpeg 225w, https:\/\/breizh-tantra.fr\/wp-content\/uploads\/2025\/12\/IMG_4946-1152x1536.jpeg 1152w, https:\/\/breizh-tantra.fr\/wp-content\/uploads\/2025\/12\/IMG_4946-1536x2048.jpeg 1536w, https:\/\/breizh-tantra.fr\/wp-content\/uploads\/2025\/12\/IMG_4946-1200x1600.jpeg 1200w, https:\/\/breizh-tantra.fr\/wp-content\/uploads\/2025\/12\/IMG_4946-scaled.jpeg 1920w\" sizes=\"auto, (max-width: 768px) 85vw, 768px\" \/><\/figure><div class=\"wp-block-media-text__content\">\n<p><strong>La Charte du r\u00e9seau Breizh Tantra :<br><\/strong>Nous avons souhait\u00e9 nous accorder pour vous proposer un cadre d\u2019accompagnement<br>respectueux de chacun.<\/p>\n\n\n\n<p>Cette Charte permet de soutenir de mani\u00e8re s\u00e9curis\u00e9e nos propositions.<\/p>\n\n\n\n<p>Vous pouvez la consulter via le lien :<\/p>\n\n\n\n<p><a href=\"https:\/\/breizh-tantra.fr\/wp-content\/uploads\/2025\/12\/Charte-Breizh-Tantra-1-2.pdf\" data-type=\"link\" data-id=\"https:\/\/breizh-tantra.fr\/wp-content\/uploads\/2025\/12\/Charte-Breizh-Tantra-1-2.pdf\">Notre Charte<\/a><\/p>\n\n\n<\/div><\/div>\n\n\n\n<p><strong>Inscription a la Newsletter trimestrielle : <\/strong><a href=\"https:\/\/framaforms.org\/inscription-a-la-newsletter-1768403688\" data-type=\"link\" data-id=\"https:\/\/framaforms.org\/inscription-a-la-newsletter-1768403688\">Formulaire ici<\/a><\/p>\n\n\n\n<p><\/p>\n","protected":false},"excerpt":{"rendered":"<p>Le r\u00e9seau de Tantraen bretagne Le r\u00e9seau Breizh Tantra : Nous sommes un groupe de chercheurs spirituels de tout \u00e2ge qui se sont rencontr\u00e9s ces derni\u00e8res ann\u00e9es aux \u00abVacances d\u2019inspiration tantrique*\u00bb \u00e0 Milhas. Les uns animateurs, les autres participants, ayant en commun d\u2019habiter en Bretagne. Avant de nous s\u00e9parer en 2023 apr\u00e8s la saison 8 &hellip; <a href=\"https:\/\/breizh-tantra.fr\/\" class=\"more-link\">Continue reading<span class=\"screen-reader-text\"> &#8220;Breizh Tantra&#8221;<\/span><\/a><\/p>\n","protected":false},"author":1,"featured_media":0,"parent":0,"menu_order":0,"comment_status":"closed","ping_status":"closed","template":"","meta":{"footnotes":""},"class_list":["post-8","page","type-page","status-publish","hentry"],"_links":{"self":[{"href":"https:\/\/breizh-tantra.fr\/index.php\/wp-json\/wp\/v2\/pages\/8","targetHints":{"allow":["GET"]}}],"collection":[{"href":"https:\/\/breizh-tantra.fr\/index.php\/wp-json\/wp\/v2\/pages"}],"about":[{"href":"https:\/\/breizh-tantra.fr\/index.php\/wp-json\/wp\/v2\/types\/page"}],"author":[{"embeddable":true,"href":"https:\/\/breizh-tantra.fr\/index.php\/wp-json\/wp\/v2\/users\/1"}],"replies":[{"embeddable":true,"href":"https:\/\/breizh-tantra.fr\/index.php\/wp-json\/wp\/v2\/comments?post=8"}],"version-history":[{"count":21,"href":"https:\/\/breizh-tantra.fr\/index.php\/wp-json\/wp\/v2\/pages\/8\/revisions"}],"predecessor-version":[{"id":139,"href":"https:\/\/breizh-tantra.fr\/index.php\/wp-json\/wp\/v2\/pages\/8\/revisions\/139"}],"wp:attachment":[{"href":"https:\/\/breizh-tantra.fr\/index.php\/wp-json\/wp\/v2\/media?parent=8"}],"curies":[{"name":"wp","href":"https:\/\/api.w.org\/{rel}","templated":true}]}}