{"id":58,"date":"2025-12-20T16:57:13","date_gmt":"2025-12-20T16:57:13","guid":{"rendered":"https:\/\/breizh-tantra.fr\/?page_id=58"},"modified":"2026-02-28T10:09:49","modified_gmt":"2026-02-28T10:09:49","slug":"les-intervenants","status":"publish","type":"page","link":"https:\/\/breizh-tantra.fr\/index.php\/les-intervenants\/","title":{"rendered":"Les intervenants"},"content":{"rendered":"\n<div class=\"wp-block-media-text is-stacked-on-mobile\"><figure class=\"wp-block-media-text__media\"><img loading=\"lazy\" decoding=\"async\" width=\"500\" height=\"643\" src=\"https:\/\/breizh-tantra.fr\/wp-content\/uploads\/2025\/12\/Sylvie-Carrelet-v2.png\" alt=\"\" class=\"wp-image-67 size-full\" srcset=\"https:\/\/breizh-tantra.fr\/wp-content\/uploads\/2025\/12\/Sylvie-Carrelet-v2.png 500w, https:\/\/breizh-tantra.fr\/wp-content\/uploads\/2025\/12\/Sylvie-Carrelet-v2-233x300.png 233w\" sizes=\"auto, (max-width: 500px) 85vw, 500px\" \/><\/figure><div class=\"wp-block-media-text__content\">\n<h3 class=\"wp-block-heading\"><strong>Sylvie Carrelet<\/strong><\/h3>\n\n\n\n<p>Enseign\u00e9e et form\u00e9e depuis 1975 par des ma\u00eetres du Bouddhisme et du Tantra Yoga, j\u2019anime des formations et des stages de Tantra et de cr\u00e9ativit\u00e9 depuis les ann\u00e9es 1990 en Europe. Co-autrice avec G\u00e9rard Longuet du livre \u201cL\u2019homme tout\u201d, nous avons cr\u00e9\u00e9 le mouvement \u201c\u00e9cologie int\u00e9rieure\u201d.<br>Je propose des s\u00e9ances individuelles en psycho-\u00e9nergie et en sonoth\u00e9rapie.<\/p>\n\n\n\n<p><a href=\"https:\/\/ecologie-interieure.com\" data-type=\"link\" data-id=\"https:\/\/ecologie-interieure.com\">https:\/\/ecologie-interieure.com<\/a><\/p>\n\n\n\n<p>tel 06 85 71 48 63<\/p>\n<\/div><\/div>\n\n\n\n<div class=\"wp-block-media-text is-stacked-on-mobile\"><figure class=\"wp-block-media-text__media\"><img loading=\"lazy\" decoding=\"async\" width=\"846\" height=\"1024\" src=\"https:\/\/breizh-tantra.fr\/wp-content\/uploads\/2025\/12\/Luc-Smith-1-846x1024.png\" alt=\"\" class=\"wp-image-85 size-full\" srcset=\"https:\/\/breizh-tantra.fr\/wp-content\/uploads\/2025\/12\/Luc-Smith-1-846x1024.png 846w, https:\/\/breizh-tantra.fr\/wp-content\/uploads\/2025\/12\/Luc-Smith-1-248x300.png 248w, https:\/\/breizh-tantra.fr\/wp-content\/uploads\/2025\/12\/Luc-Smith-1-768x929.png 768w, https:\/\/breizh-tantra.fr\/wp-content\/uploads\/2025\/12\/Luc-Smith-1.png 934w\" sizes=\"auto, (max-width: 709px) 85vw, (max-width: 909px) 67vw, (max-width: 1362px) 62vw, 840px\" \/><\/figure><div class=\"wp-block-media-text__content\">\n<p><\/p>\n\n\n\n<h3 class=\"wp-block-heading\">Luc Smith<\/h3>\n\n\n\n<p>J&#8217;ai pratiqu\u00e9 les arts martiaux<br>de 1977 \u00e0 2001 et suis en<br>perp\u00e9tuel recherche vers un<br>mieux \u00eatre pour moi et pour les<br>autres . Form\u00e9 en psycho-<br>somato-sexo th\u00e9rapie,<br>sp\u00e9cialis\u00e9 en Eros relationnel,<br>j&#8217;anime depuis les ann\u00e9es 90<br>des groupes et des formations<br>de massages, de m\u00e9ditations et de Tantra<\/p>\n\n\n\n<p><a href=\"https:\/\/breizh-tantra.fr\/?page_id=111\" data-type=\"page\" data-id=\"111\">www.lamaisondoucebretagne. com\/<\/a><\/p>\n\n\n\n<p>Tel :  06 13 30 70 31<\/p>\n\n\n\n<p><\/p>\n<\/div><\/div>\n\n\n\n<div class=\"wp-block-media-text is-stacked-on-mobile\"><figure class=\"wp-block-media-text__media\"><img loading=\"lazy\" decoding=\"async\" width=\"626\" height=\"749\" src=\"https:\/\/breizh-tantra.fr\/wp-content\/uploads\/2025\/12\/Segoleine.jpg\" alt=\"\" class=\"wp-image-105 size-full\" srcset=\"https:\/\/breizh-tantra.fr\/wp-content\/uploads\/2025\/12\/Segoleine.jpg 626w, https:\/\/breizh-tantra.fr\/wp-content\/uploads\/2025\/12\/Segoleine-251x300.jpg 251w\" sizes=\"auto, (max-width: 626px) 85vw, 626px\" \/><\/figure><div class=\"wp-block-media-text__content\">\n<h3 class=\"wp-block-heading\">S\u00e9goleine Audrain<\/h3>\n\n\n\n<p><br>J&#8217;accompagne en individuel en<br>Psycho-somatoth\u00e9rapie, Chi Nei<br>Tsang et Massage Aquatique.<br>J&#8217;enseigne le Tantra, la Fusion<br>Kizomba Tango, le Qi Gong, le Chi Nei Tsang et la symptothermie SensiPLAN. J\u2019ai suivi la formation d&#8217;Enseignante Tantra aupr\u00e8s de Mahasatvaa Ma Ananda Sarita (Tantra Essence). Je donne avec passion des week-end Tantra Transformation et des week-ends Tantra couple<\/p>\n\n\n\n<p><a href=\"https:\/\/www.segoleine-audrain.fr\/tantra-prestations\/\" data-type=\"link\" data-id=\"https:\/\/www.segoleine-audrain.fr\/tantra-prestations\/\">https:\/\/www.segoleine-audrain.fr\/tantra-prestations\/<\/a><\/p>\n\n\n\n<p>Tel : 06 87 99 88 32<\/p>\n\n\n\n<p><\/p>\n\n\n\n<p><\/p>\n<\/div><\/div>\n\n\n\n<div class=\"wp-block-media-text is-stacked-on-mobile\"><figure class=\"wp-block-media-text__media\"><img loading=\"lazy\" decoding=\"async\" width=\"682\" height=\"802\" src=\"https:\/\/breizh-tantra.fr\/wp-content\/uploads\/2025\/12\/Mia-Kuikko-copie.png\" alt=\"\" class=\"wp-image-91 size-full\" srcset=\"https:\/\/breizh-tantra.fr\/wp-content\/uploads\/2025\/12\/Mia-Kuikko-copie.png 682w, https:\/\/breizh-tantra.fr\/wp-content\/uploads\/2025\/12\/Mia-Kuikko-copie-255x300.png 255w\" sizes=\"auto, (max-width: 682px) 85vw, 682px\" \/><\/figure><div class=\"wp-block-media-text__content\">\n<h3 class=\"wp-block-heading\">Mia Kuikko<\/h3>\n\n\n\n<p><br>Originaire de Finlande, artiste ,<br>chercheuse d&#8217;authenticit\u00e9, j\u2019ai<br>v\u00e9cu 29 ans dans les \u00eeles du<br>Pacifique, o\u00f9 je me suis initi\u00e9e aux pratiques de Reiki et d\u2019Ayurveda .<br>Depuis 2017 en France, j\u2019ai<br>d\u00e9velopp\u00e9 mes comp\u00e9tences en<br>massage Tao, Tantra et Sonotherapie .<br><br>tel 07 72 13 38 71<\/p>\n\n\n\n<p><a href=\"http:\/\/www.massagesdivins.com\">http:\/\/www.massagesdivins.com<\/a><\/p>\n<\/div><\/div>\n\n\n\n<div class=\"wp-block-media-text is-stacked-on-mobile\"><figure class=\"wp-block-media-text__media\"><img loading=\"lazy\" decoding=\"async\" width=\"882\" height=\"1024\" src=\"https:\/\/breizh-tantra.fr\/wp-content\/uploads\/2025\/12\/Benoit-Myotte-copie-882x1024.png\" alt=\"\" class=\"wp-image-92 size-full\" srcset=\"https:\/\/breizh-tantra.fr\/wp-content\/uploads\/2025\/12\/Benoit-Myotte-copie-882x1024.png 882w, https:\/\/breizh-tantra.fr\/wp-content\/uploads\/2025\/12\/Benoit-Myotte-copie-258x300.png 258w, https:\/\/breizh-tantra.fr\/wp-content\/uploads\/2025\/12\/Benoit-Myotte-copie-768x892.png 768w, https:\/\/breizh-tantra.fr\/wp-content\/uploads\/2025\/12\/Benoit-Myotte-copie.png 1018w\" sizes=\"auto, (max-width: 709px) 85vw, (max-width: 909px) 67vw, (max-width: 1362px) 62vw, 840px\" \/><\/figure><div class=\"wp-block-media-text__content\">\n<p><\/p>\n\n\n\n<h3 class=\"wp-block-heading\">Benoit Myotte<\/h3>\n\n\n\n<p>Th\u00e9rapeute, masso-th\u00e9rapeute<br>et animateur de stage depuis<br>plus de 10 ans, je suis en joie<br>d\u2019accompagner l\u2019\u00e9closion de<br>cette voie spirituelle Tantrique<br>en Bretagne ! J\u2019aime partager<br>ma vision du Tantra : Juste \u00eatre soi\u2026 en totale authenticit\u00e9 !<\/p>\n\n\n\n<p>tel 06 17 94 49 83<\/p>\n\n\n\n<p><a href=\"http:\/\/www.benoitmyotte.com\" data-type=\"link\" data-id=\"www.benoitmyotte.com\">www.benoitmyotte.com<\/a><\/p>\n<\/div><\/div>\n\n\n\n<div class=\"wp-block-media-text is-stacked-on-mobile\"><figure class=\"wp-block-media-text__media\"><img loading=\"lazy\" decoding=\"async\" width=\"355\" height=\"346\" src=\"https:\/\/breizh-tantra.fr\/wp-content\/uploads\/2025\/12\/Rachel-Deniel.png\" alt=\"\" class=\"wp-image-94 size-full\" srcset=\"https:\/\/breizh-tantra.fr\/wp-content\/uploads\/2025\/12\/Rachel-Deniel.png 355w, https:\/\/breizh-tantra.fr\/wp-content\/uploads\/2025\/12\/Rachel-Deniel-300x292.png 300w\" sizes=\"auto, (max-width: 355px) 85vw, 355px\" \/><\/figure><div class=\"wp-block-media-text__content\">\n<h3 class=\"wp-block-heading\">Rachel D\u00e9niel<\/h3>\n\n\n\n<p><br>Co-Pr\u00e9sidente de Tantra Allegra, j&#8217;ai \u00e0 c\u0153ur de d\u00e9velopper le Tantra dans le Finist\u00e8re. Passionn\u00e9e de danse, tr\u00e8s connect\u00e9e au corps et<br>au vivant, je nourris ainsi mes<br>besoins de partage, libert\u00e9, joie et spiritualit\u00e9.<br><br>tel 06 89 52 50 27<\/p>\n\n\n\n<p><a href=\"https:\/\/tantra-allegria.fr\" data-type=\"link\" data-id=\"https:\/\/tantra-allegria.fr\">https:\/\/tantra-allegria.fr<\/a><\/p>\n\n\n\n<p><\/p>\n<\/div><\/div>\n\n\n\n<div class=\"wp-block-media-text is-stacked-on-mobile\"><figure class=\"wp-block-media-text__media\"><img loading=\"lazy\" decoding=\"async\" width=\"726\" height=\"880\" src=\"https:\/\/breizh-tantra.fr\/wp-content\/uploads\/2025\/12\/Tara-Myotte-.png\" alt=\"\" class=\"wp-image-96 size-full\" srcset=\"https:\/\/breizh-tantra.fr\/wp-content\/uploads\/2025\/12\/Tara-Myotte-.png 726w, https:\/\/breizh-tantra.fr\/wp-content\/uploads\/2025\/12\/Tara-Myotte--248x300.png 248w\" sizes=\"auto, (max-width: 726px) 85vw, 726px\" \/><\/figure><div class=\"wp-block-media-text__content\">\n<h3 class=\"wp-block-heading\">Tara Myotte<\/h3>\n\n\n\n<p><br>\u00c0 travers l\u2019\u00e9laboration des massages tantriques, je<br>souhaite apporter et<br>transmettre tous les bienfaits<br>th\u00e9rapeutiques de ce toucher<br>en conscience, unique et<br>Sacr\u00e9.<br>J\u2019ai \u00e0 c\u0153ur d\u2019initier et<br>d\u2019accompagner l\u2019humain sur<br>ce chemin d\u2019\u00e9veil et de<br>transformation.<br><br>tel 06 24 42 20 04<\/p>\n\n\n\n<p><a href=\"http:\/\/www.taramyotte.com\" data-type=\"link\" data-id=\"www.taramyotte.com\">www.taramyotte.com<\/a><\/p>\n\n\n\n<p><\/p>\n<\/div><\/div>\n\n\n\n<div class=\"wp-block-media-text is-stacked-on-mobile\"><figure class=\"wp-block-media-text__media\"><img loading=\"lazy\" decoding=\"async\" width=\"177\" height=\"214\" src=\"http:\/\/breizh-tantra.fr\/wp-content\/uploads\/2025\/12\/image-8_6.png\" alt=\"\" class=\"wp-image-108 size-full\"\/><\/figure><div class=\"wp-block-media-text__content\">\n<h3 class=\"wp-block-heading\">Jean-Raoul Sint\u00e8s<\/h3>\n\n\n\n<p><br>Form\u00e9 au coaching et \u00e0 la<br>p\u00e9dagogie perceptive dans sa<br>sp\u00e9cificit\u00e9 d\u2019art martial<br>sensoriel, je propose de<br>retrouver le lien entre notre<br>corps, notre coeur et notre t\u00eate.<br>Des pratiques de m\u00e9ditation<br>pleine pr\u00e9sence, de massage,<br>de mouvements codifi\u00e9s et<br>libres, nous reconnectent \u00e0 la<br>puissance et la saveur de la vie<br>qui nous anime.<br><br>tel 06 09 83 58 64<\/p>\n\n\n\n<p><a href=\"http:\/\/www.smiling-transitions.net\" data-type=\"link\" data-id=\"www.smiling-transitions.net\">www.smiling-transitions.net<\/a><\/p>\n\n\n\n<p><\/p>\n<\/div><\/div>\n\n\n\n<div class=\"wp-block-media-text is-stacked-on-mobile\"><figure class=\"wp-block-media-text__media\"><img loading=\"lazy\" decoding=\"async\" width=\"178\" height=\"228\" src=\"http:\/\/breizh-tantra.fr\/wp-content\/uploads\/2026\/02\/image-8_5.png\" alt=\"\" class=\"wp-image-140 size-full\"\/><\/figure><div class=\"wp-block-media-text__content\">\n<p><strong>Anne Le Merdy<\/strong><\/p>\n\n\n\n<p><br>Au cours de plus de 40 ann\u00e9es \u00e0<br>chanter et accompagner des<br>chanteurs tout en ayant<br>diff\u00e9rentes pratiques physiques et spirituelles dont le Tantra, j\u2019ai<br>compris que le travail de la voix<br>est une qu\u00eate pour aller vers plus<br>de confiance, de connaissance de<br>soi, de paix, de partage,<br>d\u2019\u00e9panouissement, de plaisir et de joie. <\/p>\n\n\n\n<p>J\u2019aime \u00e0 le transmettre\u2026<br>Cours individuel ou collectif de chant et technique vocale \u00e0 Riec sur B\u00e9lon<br><br>tel 06 73 51 15 67. annelemerdy@free.fr<\/p>\n\n\n\n<p><\/p>\n<\/div><\/div>\n\n\n\n<div class=\"wp-block-media-text is-stacked-on-mobile\"><figure class=\"wp-block-media-text__media\"><img loading=\"lazy\" decoding=\"async\" width=\"683\" height=\"1024\" src=\"https:\/\/breizh-tantra.fr\/wp-content\/uploads\/2025\/12\/Thomas-CRETIN-1-683x1024.jpg\" alt=\"\" class=\"wp-image-102 size-full\" srcset=\"https:\/\/breizh-tantra.fr\/wp-content\/uploads\/2025\/12\/Thomas-CRETIN-1-683x1024.jpg 683w, https:\/\/breizh-tantra.fr\/wp-content\/uploads\/2025\/12\/Thomas-CRETIN-1-200x300.jpg 200w, https:\/\/breizh-tantra.fr\/wp-content\/uploads\/2025\/12\/Thomas-CRETIN-1-768x1152.jpg 768w, https:\/\/breizh-tantra.fr\/wp-content\/uploads\/2025\/12\/Thomas-CRETIN-1-1024x1536.jpg 1024w, https:\/\/breizh-tantra.fr\/wp-content\/uploads\/2025\/12\/Thomas-CRETIN-1-1365x2048.jpg 1365w, https:\/\/breizh-tantra.fr\/wp-content\/uploads\/2025\/12\/Thomas-CRETIN-1-1200x1800.jpg 1200w, https:\/\/breizh-tantra.fr\/wp-content\/uploads\/2025\/12\/Thomas-CRETIN-1-scaled.jpg 1707w\" sizes=\"auto, (max-width: 683px) 85vw, 683px\" \/><\/figure><div class=\"wp-block-media-text__content\">\n<h3 class=\"wp-block-heading\">Thomas Cretin<\/h3>\n\n\n\n<p><br>J&#8217;ai \u00e9t\u00e9 appel\u00e9 par mes sensations corporelles il y a une dizaine d\u2019ann\u00e9es. Cela m\u2019a permis d&#8217;\u00eatre en constante recherche du lien entre le corps et l\u2019esprit et de d\u00e9couvrir le Shiatsu.<br>J\u2019aime partager ce lien au corps,<br>comme un alli\u00e9 qui me guide dans une conscience plus \u00e9lev\u00e9e de moi-m\u00eame.<br><br>tel 06 34 14 79 32<\/p>\n\n\n\n<p><a href=\"https:\/\/thomascretinshiatsu.wixsite.com\/accueil\">https:\/\/thomascretinshiatsu.wixsite.com\/accueil<\/a><\/p>\n<\/div><\/div>\n\n\n","protected":false},"excerpt":{"rendered":"<p>Sylvie Carrelet Enseign\u00e9e et form\u00e9e depuis 1975 par des ma\u00eetres du Bouddhisme et du Tantra Yoga, j\u2019anime des formations et des stages de Tantra et de cr\u00e9ativit\u00e9 depuis les ann\u00e9es 1990 en Europe. Co-autrice avec G\u00e9rard Longuet du livre \u201cL\u2019homme tout\u201d, nous avons cr\u00e9\u00e9 le mouvement \u201c\u00e9cologie int\u00e9rieure\u201d.Je propose des s\u00e9ances individuelles en psycho-\u00e9nergie et &hellip; <a href=\"https:\/\/breizh-tantra.fr\/index.php\/les-intervenants\/\" class=\"more-link\">Continue reading<span class=\"screen-reader-text\"> &#8220;Les intervenants&#8221;<\/span><\/a><\/p>\n","protected":false},"author":1,"featured_media":0,"parent":0,"menu_order":0,"comment_status":"closed","ping_status":"closed","template":"","meta":{"footnotes":""},"class_list":["post-58","page","type-page","status-publish","hentry"],"_links":{"self":[{"href":"https:\/\/breizh-tantra.fr\/index.php\/wp-json\/wp\/v2\/pages\/58","targetHints":{"allow":["GET"]}}],"collection":[{"href":"https:\/\/breizh-tantra.fr\/index.php\/wp-json\/wp\/v2\/pages"}],"about":[{"href":"https:\/\/breizh-tantra.fr\/index.php\/wp-json\/wp\/v2\/types\/page"}],"author":[{"embeddable":true,"href":"https:\/\/breizh-tantra.fr\/index.php\/wp-json\/wp\/v2\/users\/1"}],"replies":[{"embeddable":true,"href":"https:\/\/breizh-tantra.fr\/index.php\/wp-json\/wp\/v2\/comments?post=58"}],"version-history":[{"count":22,"href":"https:\/\/breizh-tantra.fr\/index.php\/wp-json\/wp\/v2\/pages\/58\/revisions"}],"predecessor-version":[{"id":137,"href":"https:\/\/breizh-tantra.fr\/index.php\/wp-json\/wp\/v2\/pages\/58\/revisions\/137"}],"wp:attachment":[{"href":"https:\/\/breizh-tantra.fr\/index.php\/wp-json\/wp\/v2\/media?parent=58"}],"curies":[{"name":"wp","href":"https:\/\/api.w.org\/{rel}","templated":true}]}}