{"id":44,"date":"2025-12-20T14:59:57","date_gmt":"2025-12-20T14:59:57","guid":{"rendered":"https:\/\/breizh-tantra.fr\/?page_id=44"},"modified":"2026-01-14T15:05:10","modified_gmt":"2026-01-14T15:05:10","slug":"les-activites","status":"publish","type":"page","link":"https:\/\/breizh-tantra.fr\/index.php\/les-activites\/","title":{"rendered":"Les activit\u00e9s"},"content":{"rendered":"\n<div class=\"wp-block-media-text is-stacked-on-mobile\"><figure class=\"wp-block-media-text__media\"><img loading=\"lazy\" decoding=\"async\" width=\"1024\" height=\"768\" src=\"https:\/\/breizh-tantra.fr\/wp-content\/uploads\/2025\/12\/IMG_1923-1024x768.jpeg\" alt=\"\" class=\"wp-image-45 size-full\" srcset=\"https:\/\/breizh-tantra.fr\/wp-content\/uploads\/2025\/12\/IMG_1923-1024x768.jpeg 1024w, https:\/\/breizh-tantra.fr\/wp-content\/uploads\/2025\/12\/IMG_1923-300x225.jpeg 300w, https:\/\/breizh-tantra.fr\/wp-content\/uploads\/2025\/12\/IMG_1923-768x576.jpeg 768w, https:\/\/breizh-tantra.fr\/wp-content\/uploads\/2025\/12\/IMG_1923-1536x1152.jpeg 1536w, https:\/\/breizh-tantra.fr\/wp-content\/uploads\/2025\/12\/IMG_1923-2048x1536.jpeg 2048w, https:\/\/breizh-tantra.fr\/wp-content\/uploads\/2025\/12\/IMG_1923-1200x900.jpeg 1200w\" sizes=\"auto, (max-width: 709px) 85vw, (max-width: 909px) 67vw, (max-width: 1362px) 62vw, 840px\" \/><\/figure><div class=\"wp-block-media-text__content\">\n<h3 class=\"wp-block-heading\">Les journ\u00e9es th\u00e9matiques<\/h3>\n<\/div><\/div>\n\n\n\n<figure class=\"wp-block-table\"><table class=\"has-fixed-layout\"><tbody><tr><td><strong>Chakra du troisi\u00e8me oeil Ajna <\/strong>: \u201cLe mental intuitif est un don sacr\u00e9 et le mental rationnel un serviteur fid\u00e8le. Nous avons cr\u00e9\u00e9 une soci\u00e9t\u00e9 qui honore le serviteur et a oubli\u00e9 le don sacr\u00e9 \u00bb Albert Einstein.<br>Sylvie et Jean-Raoul<br>date : samedi 10 janvier 2026 9h30 &#8211; 17h00<br>lieu : La maison douce 19 rue de Porz-Mo\u00eblan &#8211; 29350 Mo\u00eblan-sur-mer<br>contact inscription : Sylvie : 07 66 01 15 71<br><br>Cliquez sur le lien pour vous inscrire :<br><a href=\"https:\/\/framaforms.org\/inscription-journee-thematique-du-10-janvier-2026-1766244544\" data-type=\"link\" data-id=\"https:\/\/framaforms.org\/inscription-journee-thematique-du-10-janvier-2026-1766244544\">https:\/\/framaforms.org\/inscription-journee-thematique-du-10-janvier-2026-1766244544<\/a><br><\/td><\/tr><\/tbody><\/table><\/figure>\n\n\n\n<div class=\"wp-block-media-text is-stacked-on-mobile\"><figure class=\"wp-block-media-text__media\"><img loading=\"lazy\" decoding=\"async\" width=\"899\" height=\"471\" src=\"https:\/\/breizh-tantra.fr\/wp-content\/uploads\/2025\/12\/massage-visage.png\" alt=\"\" class=\"wp-image-46 size-full\" srcset=\"https:\/\/breizh-tantra.fr\/wp-content\/uploads\/2025\/12\/massage-visage.png 899w, https:\/\/breizh-tantra.fr\/wp-content\/uploads\/2025\/12\/massage-visage-300x157.png 300w, https:\/\/breizh-tantra.fr\/wp-content\/uploads\/2025\/12\/massage-visage-768x402.png 768w\" sizes=\"auto, (max-width: 709px) 85vw, (max-width: 909px) 67vw, (max-width: 1362px) 62vw, 840px\" \/><\/figure><div class=\"wp-block-media-text__content\">\n<h3 class=\"wp-block-heading\">Week-end th\u00e9matiques<\/h3>\n<\/div><\/div>\n\n\n\n<figure class=\"wp-block-table\"><table class=\"has-fixed-layout\"><tbody><tr><td><strong> 7-8 f\u00e9vrier 2026 :<\/strong> <strong>Un week-end pour exp\u00e9rimenter et vivre le massage Tantrique.<\/strong><br>Plus qu\u2019un simple massage, c\u2019est une exp\u00e9rience transformatrice qui \u00e9veille les sens, harmonise l\u2019\u00e9nergie vitale et invite \u00e0 une profonde connexion.<br>Un week-end pour ouvrir son coeur, vivre une expansion de notre conscience et ancrer une pr\u00e9sence pleine et totale \u00e0 son corps\u2026<br>Un temps pour ressentir la joie de recevoir et vivre le plaisir de donner.<br><br>anim\u00e9s par Mia, Benoit et Tara. 14 personnes maximum.<br>date : 7-8 f\u00e9vrier 2026<br>lieu : La maison douce 19 rue de Porz-Mo\u00eblan &#8211; 29350 Mo\u00eblan-sur-mer<br><strong>contact inscription et tarifs : Benoit : 06 17 94 49 83<\/strong><\/td><\/tr><tr><td><strong>14-15 mars 2026<\/strong> : <strong>Week-end cr\u00e9ativit\u00e9 et Tantra \u00ab La Source cr\u00e9ative \u00bb <\/strong><br><br>Aller \u00e0 la source gr\u00e2ce \u00e0 la cr\u00e9ativit\u00e9 est une m\u00e9taphore du voyage \u00e0 faire depuis les espaces de s\u00e9paration de l\u2018\u00e9go vers le courant universel continuellement \u00e0 l\u2019oeuvre dans notre nature profonde.<br>anim\u00e9 par Sylvie et Mia.<br>Frais du mat\u00e9riel artistique 20 \u20ac par personne en plus du tarif week-end. Les nuit\u00e9es et la nourriture ne sont pas comprises (pr\u00e9cisions lors de votre inscription). 12 personnes maximum.<br>date : 14-15 mars 2026<br>lieu : Le Chemin des Vents -18 Kerlavarec- Tr\u00e9m\u00e9ven-29300<br><strong>contact inscription et tarifs : Sylvie : 07 66 01 15 71<\/strong><\/td><\/tr><\/tbody><\/table><\/figure>\n\n\n\n<p><\/p>\n","protected":false},"excerpt":{"rendered":"<p>Les journ\u00e9es th\u00e9matiques Chakra du troisi\u00e8me oeil Ajna : \u201cLe mental intuitif est un don sacr\u00e9 et le mental rationnel un serviteur fid\u00e8le. Nous avons cr\u00e9\u00e9 une soci\u00e9t\u00e9 qui honore le serviteur et a oubli\u00e9 le don sacr\u00e9 \u00bb Albert Einstein.Sylvie et Jean-Raouldate : samedi 10 janvier 2026 9h30 &#8211; 17h00lieu : La maison douce &hellip; <a href=\"https:\/\/breizh-tantra.fr\/index.php\/les-activites\/\" class=\"more-link\">Continue reading<span class=\"screen-reader-text\"> &#8220;Les activit\u00e9s&#8221;<\/span><\/a><\/p>\n","protected":false},"author":1,"featured_media":0,"parent":0,"menu_order":0,"comment_status":"closed","ping_status":"closed","template":"","meta":{"footnotes":""},"class_list":["post-44","page","type-page","status-publish","hentry"],"_links":{"self":[{"href":"https:\/\/breizh-tantra.fr\/index.php\/wp-json\/wp\/v2\/pages\/44","targetHints":{"allow":["GET"]}}],"collection":[{"href":"https:\/\/breizh-tantra.fr\/index.php\/wp-json\/wp\/v2\/pages"}],"about":[{"href":"https:\/\/breizh-tantra.fr\/index.php\/wp-json\/wp\/v2\/types\/page"}],"author":[{"embeddable":true,"href":"https:\/\/breizh-tantra.fr\/index.php\/wp-json\/wp\/v2\/users\/1"}],"replies":[{"embeddable":true,"href":"https:\/\/breizh-tantra.fr\/index.php\/wp-json\/wp\/v2\/comments?post=44"}],"version-history":[{"count":5,"href":"https:\/\/breizh-tantra.fr\/index.php\/wp-json\/wp\/v2\/pages\/44\/revisions"}],"predecessor-version":[{"id":129,"href":"https:\/\/breizh-tantra.fr\/index.php\/wp-json\/wp\/v2\/pages\/44\/revisions\/129"}],"wp:attachment":[{"href":"https:\/\/breizh-tantra.fr\/index.php\/wp-json\/wp\/v2\/media?parent=44"}],"curies":[{"name":"wp","href":"https:\/\/api.w.org\/{rel}","templated":true}]}}